{"id":58,"date":"2018-05-07T17:50:46","date_gmt":"2018-05-07T17:50:46","guid":{"rendered":"http:\/\/ritter-plan.de\/?page_id=58"},"modified":"2022-01-12T10:24:32","modified_gmt":"2022-01-12T10:24:32","slug":"qualitaet-und-vielfalt","status":"publish","type":"page","link":"https:\/\/ritter-plan.de\/?page_id=58","title":{"rendered":"QUALIT\u00c4T UND VIELFALT"},"content":{"rendered":"<div id='gallery-1' class='gallery galleryid-58 gallery-columns-3 gallery-size-thumbnail'><figure class='gallery-item'>\n\t\t\t<div class='gallery-icon landscape'>\n\t\t\t\t<a href='https:\/\/ritter-plan.de\/?attachment_id=27'><img loading=\"lazy\" decoding=\"async\" width=\"150\" height=\"150\" src=\"https:\/\/ritter-plan.de\/wp-content\/uploads\/2018\/05\/BV-Steinweg-2627-2017-05-11-Abnahme-WDVS-Nordfassade-2606-150x150.jpg\" class=\"attachment-thumbnail size-thumbnail\" alt=\"\" aria-describedby=\"gallery-1-27\" srcset=\"https:\/\/ritter-plan.de\/wp-content\/uploads\/2018\/05\/BV-Steinweg-2627-2017-05-11-Abnahme-WDVS-Nordfassade-2606-150x150.jpg 150w, https:\/\/ritter-plan.de\/wp-content\/uploads\/2018\/05\/BV-Steinweg-2627-2017-05-11-Abnahme-WDVS-Nordfassade-2606-100x100.jpg 100w\" sizes=\"auto, 100vw\" \/><\/a>\n\t\t\t<\/div>\n\t\t\t\t<figcaption class='wp-caption-text gallery-caption' id='gallery-1-27'>\n\t\t\t\tGasthof Zufriedenheit in Naumburg\n\t\t\t\t<\/figcaption><\/figure><figure class='gallery-item'>\n\t\t\t<div class='gallery-icon landscape'>\n\t\t\t\t<a href='https:\/\/ritter-plan.de\/?attachment_id=80'><img loading=\"lazy\" decoding=\"async\" width=\"150\" height=\"150\" src=\"https:\/\/ritter-plan.de\/wp-content\/uploads\/2018\/05\/IMG_1934bk-150x150.jpg\" class=\"attachment-thumbnail size-thumbnail\" alt=\"\" aria-describedby=\"gallery-1-80\" srcset=\"https:\/\/ritter-plan.de\/wp-content\/uploads\/2018\/05\/IMG_1934bk-150x150.jpg 150w, https:\/\/ritter-plan.de\/wp-content\/uploads\/2018\/05\/IMG_1934bk-100x100.jpg 100w\" sizes=\"auto, 100vw\" \/><\/a>\n\t\t\t<\/div>\n\t\t\t\t<figcaption class='wp-caption-text gallery-caption' id='gallery-1-80'>\n\t\t\t\tGasthof Zufriedenheit in Naumburg\n\t\t\t\t<\/figcaption><\/figure><figure class='gallery-item'>\n\t\t\t<div class='gallery-icon landscape'>\n\t\t\t\t<a href='https:\/\/ritter-plan.de\/?attachment_id=29'><img loading=\"lazy\" decoding=\"async\" width=\"150\" height=\"150\" src=\"https:\/\/ritter-plan.de\/wp-content\/uploads\/2018\/05\/BV-Steinweg-2627-2017-05-11-Abnahme-WDVS-Nordwest-2594-150x150.jpg\" class=\"attachment-thumbnail size-thumbnail\" alt=\"\" aria-describedby=\"gallery-1-29\" srcset=\"https:\/\/ritter-plan.de\/wp-content\/uploads\/2018\/05\/BV-Steinweg-2627-2017-05-11-Abnahme-WDVS-Nordwest-2594-150x150.jpg 150w, https:\/\/ritter-plan.de\/wp-content\/uploads\/2018\/05\/BV-Steinweg-2627-2017-05-11-Abnahme-WDVS-Nordwest-2594-100x100.jpg 100w\" sizes=\"auto, 100vw\" \/><\/a>\n\t\t\t<\/div>\n\t\t\t\t<figcaption class='wp-caption-text gallery-caption' id='gallery-1-29'>\n\t\t\t\tGasthof Zufriedenheit in Naumburg\n\t\t\t\t<\/figcaption><\/figure><figure class='gallery-item'>\n\t\t\t<div class='gallery-icon landscape'>\n\t\t\t\t<a href='https:\/\/ritter-plan.de\/?attachment_id=17'><img loading=\"lazy\" decoding=\"async\" width=\"150\" height=\"150\" src=\"https:\/\/ritter-plan.de\/wp-content\/uploads\/2018\/05\/IMG_1753_4_5_tonemapped-8bit-Ak-150x150.jpg\" class=\"attachment-thumbnail size-thumbnail\" alt=\"\" aria-describedby=\"gallery-1-17\" srcset=\"https:\/\/ritter-plan.de\/wp-content\/uploads\/2018\/05\/IMG_1753_4_5_tonemapped-8bit-Ak-150x150.jpg 150w, https:\/\/ritter-plan.de\/wp-content\/uploads\/2018\/05\/IMG_1753_4_5_tonemapped-8bit-Ak-100x100.jpg 100w\" sizes=\"auto, 100vw\" \/><\/a>\n\t\t\t<\/div>\n\t\t\t\t<figcaption class='wp-caption-text gallery-caption' id='gallery-1-17'>\n\t\t\t\tEinfamilienhaus in Potsdam-Eiche\n\t\t\t\t<\/figcaption><\/figure><figure class='gallery-item'>\n\t\t\t<div class='gallery-icon landscape'>\n\t\t\t\t<a href='https:\/\/ritter-plan.de\/?attachment_id=19'><img loading=\"lazy\" decoding=\"async\" width=\"150\" height=\"150\" src=\"https:\/\/ritter-plan.de\/wp-content\/uploads\/2018\/05\/IMG_4871bk-150x150.jpg\" class=\"attachment-thumbnail size-thumbnail\" alt=\"\" aria-describedby=\"gallery-1-19\" srcset=\"https:\/\/ritter-plan.de\/wp-content\/uploads\/2018\/05\/IMG_4871bk-150x150.jpg 150w, https:\/\/ritter-plan.de\/wp-content\/uploads\/2018\/05\/IMG_4871bk-100x100.jpg 100w\" sizes=\"auto, 100vw\" \/><\/a>\n\t\t\t<\/div>\n\t\t\t\t<figcaption class='wp-caption-text gallery-caption' id='gallery-1-19'>\n\t\t\t\tEinfamilienhaus in Potsdam-Eiche\n\t\t\t\t<\/figcaption><\/figure><figure class='gallery-item'>\n\t\t\t<div class='gallery-icon landscape'>\n\t\t\t\t<a href='https:\/\/ritter-plan.de\/?attachment_id=24'><img loading=\"lazy\" decoding=\"async\" width=\"150\" height=\"150\" src=\"https:\/\/ritter-plan.de\/wp-content\/uploads\/2018\/05\/IMG_6993bak-150x150.jpg\" class=\"attachment-thumbnail size-thumbnail\" alt=\"\" aria-describedby=\"gallery-1-24\" srcset=\"https:\/\/ritter-plan.de\/wp-content\/uploads\/2018\/05\/IMG_6993bak-150x150.jpg 150w, https:\/\/ritter-plan.de\/wp-content\/uploads\/2018\/05\/IMG_6993bak-100x100.jpg 100w\" sizes=\"auto, 100vw\" \/><\/a>\n\t\t\t<\/div>\n\t\t\t\t<figcaption class='wp-caption-text gallery-caption' id='gallery-1-24'>\n\t\t\t\tEinfamilienhaus in Berlin-Zehlendorf\n\t\t\t\t<\/figcaption><\/figure><figure class='gallery-item'>\n\t\t\t<div class='gallery-icon landscape'>\n\t\t\t\t<a href='https:\/\/ritter-plan.de\/?attachment_id=14'><img loading=\"lazy\" decoding=\"async\" width=\"150\" height=\"150\" src=\"https:\/\/ritter-plan.de\/wp-content\/uploads\/2018\/05\/IMG_4250_1_2b1a-2x3-150x150.jpg\" class=\"attachment-thumbnail size-thumbnail\" alt=\"\" aria-describedby=\"gallery-1-14\" srcset=\"https:\/\/ritter-plan.de\/wp-content\/uploads\/2018\/05\/IMG_4250_1_2b1a-2x3-150x150.jpg 150w, https:\/\/ritter-plan.de\/wp-content\/uploads\/2018\/05\/IMG_4250_1_2b1a-2x3-100x100.jpg 100w\" sizes=\"auto, 100vw\" \/><\/a>\n\t\t\t<\/div>\n\t\t\t\t<figcaption class='wp-caption-text gallery-caption' id='gallery-1-14'>\n\t\t\t\tEinfamilienhaus in Kleinmachnow\n\t\t\t\t<\/figcaption><\/figure><figure class='gallery-item'>\n\t\t\t<div class='gallery-icon landscape'>\n\t\t\t\t<a href='https:\/\/ritter-plan.de\/?attachment_id=79'><img loading=\"lazy\" decoding=\"async\" width=\"150\" height=\"150\" src=\"https:\/\/ritter-plan.de\/wp-content\/uploads\/2018\/05\/IMG_4413_4_5-1b-2x3-150x150.jpg\" class=\"attachment-thumbnail size-thumbnail\" alt=\"\" aria-describedby=\"gallery-1-79\" srcset=\"https:\/\/ritter-plan.de\/wp-content\/uploads\/2018\/05\/IMG_4413_4_5-1b-2x3-150x150.jpg 150w, https:\/\/ritter-plan.de\/wp-content\/uploads\/2018\/05\/IMG_4413_4_5-1b-2x3-100x100.jpg 100w\" sizes=\"auto, 100vw\" \/><\/a>\n\t\t\t<\/div>\n\t\t\t\t<figcaption class='wp-caption-text gallery-caption' id='gallery-1-79'>\n\t\t\t\tEinfamilienhaus in Kleinmachnow\n\t\t\t\t<\/figcaption><\/figure><figure class='gallery-item'>\n\t\t\t<div class='gallery-icon landscape'>\n\t\t\t\t<a href='https:\/\/ritter-plan.de\/?attachment_id=4'><img loading=\"lazy\" decoding=\"async\" width=\"150\" height=\"150\" src=\"https:\/\/ritter-plan.de\/wp-content\/uploads\/2018\/05\/IMG_4180_1_2b1a-2x3-150x150.jpg\" class=\"attachment-thumbnail size-thumbnail\" alt=\"\" aria-describedby=\"gallery-1-4\" srcset=\"https:\/\/ritter-plan.de\/wp-content\/uploads\/2018\/05\/IMG_4180_1_2b1a-2x3-150x150.jpg 150w, https:\/\/ritter-plan.de\/wp-content\/uploads\/2018\/05\/IMG_4180_1_2b1a-2x3-100x100.jpg 100w\" sizes=\"auto, 100vw\" \/><\/a>\n\t\t\t<\/div>\n\t\t\t\t<figcaption class='wp-caption-text gallery-caption' id='gallery-1-4'>\n\t\t\t\tEinfamilienhaus in Kleinmachnow\n\t\t\t\t<\/figcaption><\/figure>\n\t\t<\/div>\n\n<p><em>\u00a9 Copyright Stephan Ritter, 2022 \u2013 Alle Inhalte, insbesondere Texte, Fotografien und Grafiken sind urheberrechtlich gesch\u00fctzt. Alle Rechte, einschlie\u00dflich der Vervielf\u00e4ltigung, Ver\u00f6ffentlichung, Bearbeitung und \u00dcbersetzung, bleiben vorbehalten.<br \/>\n<\/em><\/p>\n","protected":false},"excerpt":{"rendered":"<p>\u00a9 Copyright Stephan Ritter, 2022 \u2013 Alle Inhalte, insbesondere Texte, Fotografien und Grafiken sind urheberrechtlich gesch\u00fctzt. Alle Rechte, einschlie\u00dflich der Vervielf\u00e4ltigung, Ver\u00f6ffentlichung, Bearbeitung und \u00dcbersetzung, bleiben vorbehalten.<\/p>\n","protected":false},"author":1,"featured_media":0,"parent":0,"menu_order":0,"comment_status":"closed","ping_status":"closed","template":"","meta":{"footnotes":""},"class_list":["post-58","page","type-page","status-publish","hentry"],"_links":{"self":[{"href":"https:\/\/ritter-plan.de\/index.php?rest_route=\/wp\/v2\/pages\/58","targetHints":{"allow":["GET"]}}],"collection":[{"href":"https:\/\/ritter-plan.de\/index.php?rest_route=\/wp\/v2\/pages"}],"about":[{"href":"https:\/\/ritter-plan.de\/index.php?rest_route=\/wp\/v2\/types\/page"}],"author":[{"embeddable":true,"href":"https:\/\/ritter-plan.de\/index.php?rest_route=\/wp\/v2\/users\/1"}],"replies":[{"embeddable":true,"href":"https:\/\/ritter-plan.de\/index.php?rest_route=%2Fwp%2Fv2%2Fcomments&post=58"}],"version-history":[{"count":6,"href":"https:\/\/ritter-plan.de\/index.php?rest_route=\/wp\/v2\/pages\/58\/revisions"}],"predecessor-version":[{"id":100,"href":"https:\/\/ritter-plan.de\/index.php?rest_route=\/wp\/v2\/pages\/58\/revisions\/100"}],"wp:attachment":[{"href":"https:\/\/ritter-plan.de\/index.php?rest_route=%2Fwp%2Fv2%2Fmedia&parent=58"}],"curies":[{"name":"wp","href":"https:\/\/api.w.org\/{rel}","templated":true}]}}